{"id":3918,"date":"2020-05-05T13:46:21","date_gmt":"2020-05-05T13:46:21","guid":{"rendered":"https:\/\/2020.sfdbeta.be\/privacy-policy\/"},"modified":"2024-08-19T15:45:12","modified_gmt":"2024-08-19T15:45:12","slug":"politique-de-protection-des-donnees-personnelles","status":"publish","type":"page","link":"https:\/\/savoirfaire.digital\/fr\/politique-de-protection-des-donnees-personnelles\/","title":{"rendered":"Politique de protection des donn\u00e9es personnelles"},"content":{"rendered":"<p>La pr\u00e9sente Politique de protection des donn\u00e9es personnelles d\u00e9crit les m\u00e9thodes que nous, Savoir Faire Digital, utilisons pour recueillir, g\u00e9rer et utiliser les informations sur les visiteurs de notre site Web.<\/p>\n<h2>1. Garanties sur la confidentialit\u00e9 des donn\u00e9es<\/h2>\n<p>Le terme \u00ab\u00a0Donn\u00e9es personnelles\u00a0\u00bb, tel qu&rsquo;il est utilis\u00e9 dans la pr\u00e9sente Politique, fait r\u00e9f\u00e9rence aux informations telles que vos nom, date de naissance, adresse e-mail ou num\u00e9ro de t\u00e9l\u00e9phone, qui permettent de vous identifier. En r\u00e8gle g\u00e9n\u00e9rale, nous traiterons vos Donn\u00e9es personnelles selon la proc\u00e9dure d\u00e9crite dans cette Politique. Nous nous r\u00e9servons le droit de proc\u00e9der \u00e0 des traitements suppl\u00e9mentaires qui seraient requis par la loi, ou dans le cadre d&rsquo;une enqu\u00eate notamment p\u00e9nale.<\/p>\n<p>Les sections suivantes expliquent les modalit\u00e9s de collecte de vos Donn\u00e9es personnelles.<\/p>\n<h2>2. Utilisation des Donn\u00e9es personnelles<\/h2>\n<p>La plupart de nos services ne requi\u00e8rent aucune forme d&rsquo;inscription ou d&rsquo;enregistrement, ce qui vous permet de visiter notre site sans avoir \u00e0 vous identifier. Cependant, certains services peuvent n\u00e9cessiter la communication de certaines Donn\u00e9es personnelles. Dans ces cas, si vous choisissez de ne pas communiquer les informations que nous vous demandons, il se peut que vous ne puissiez pas acc\u00e9der \u00e0 certaines parties du site, et que nous soyons dans l&rsquo;impossibilit\u00e9 de r\u00e9pondre \u00e0 votre demande. Selon la r\u00e9glementation locale en vigueur, vos Donn\u00e9es personnelles nous permettent de vous fournir des produits ou services, de vous facturer les produits et services demand\u00e9s, de vous proposer des produits et services susceptibles de vous int\u00e9resser ou de communiquer avec vous pour d&rsquo;autres finalit\u00e9s \u00e9videntes compte tenu des circonstances et sur lesquelles nous vous informons lorsque nous recueillons vos Donn\u00e9es personnelles.<\/p>\n<h2>3. Non-communication des donn\u00e9es personnelles<\/h2>\n<p>Vos Donn\u00e9es personnelles ne seront jamais vendues, partag\u00e9es ou communiqu\u00e9es \u00e0 des tiers, en dehors des cas pr\u00e9vus par la pr\u00e9sente Politique. Nous pourrions cependant \u00eatre amen\u00e9s \u00e0 communiquer vos Donn\u00e9es personnelles \u00e0 la soci\u00e9t\u00e9 responsable technique de ce site (<a href=\"https:\/\/www.savoirfaire.digital\">savoirfaire.digital<\/a>), qui acceptent de les traiter conform\u00e9ment \u00e0 la pr\u00e9sente Politique. Ces transferts s&rsquo;op\u00e8rent dans le cadre de conventions par lesquelles ces soci\u00e9t\u00e9s se sont engag\u00e9es \u00e0 respecter le niveau de protection des donn\u00e9es personnelles offert par la l\u00e9gislation europ\u00e9enne ou conform\u00e9ment aux autres m\u00e9canismes reconnus par la l\u00e9gislation en vigueur. Vos Donn\u00e9es personnelles pourront \u00e9galement \u00eatre communiqu\u00e9es \u00e0 des tiers agissant pour nous ou notre compte dans le cadre d&rsquo;un traitement sp\u00e9cifique conform\u00e9ment aux finalit\u00e9s pour lesquelles elles ont \u00e9t\u00e9 recueillies initialement, ou pourront \u00eatre trait\u00e9es l\u00e9galement, selon la r\u00e9glementation locale en vigueur, dans le cadre d&rsquo;activit\u00e9s telles que fourniture de services, \u00e9valuation de l&rsquo;utilit\u00e9 de ce site, commercialisation et marketing produit, gestion de donn\u00e9es ou support technique. Ces tiers se sont engag\u00e9s par contrat \u00e0 n&rsquo;utiliser vos Donn\u00e9es personnelles qu&rsquo;aux fins convenues, et \u00e0 ne pas les vendre ou divulguer \u00e0 d&rsquo;autres tiers sauf si la loi le requiert, si nous les y autorisons explicitement, ou si une disposition est pr\u00e9vue en ce sens dans la pr\u00e9sente Politique.<\/p>\n<p>Les Donn\u00e9es personnelles pourront \u00eatre divulgu\u00e9es \u00e0 un tiers si nous y sommes contraints dans le cadre d&rsquo;une loi en ou d&rsquo;une disposition r\u00e9glementaire vigueur, d&rsquo;une ordonnance judiciaire ou d&rsquo;une r\u00e9glementation gouvernementale, ou si cette divulgation est n\u00e9cessaire dans le cadre d&rsquo;une enqu\u00eate, ou d&rsquo;une proc\u00e9dure p\u00e9nale, sur le territoire national ou \u00e0 l&rsquo;\u00e9tranger.<\/p>\n<h2>4. Droit d&rsquo;acc\u00e8s, de rectification et d&rsquo;opposition<\/h2>\n<p>Chaque fois que nous traitons des Donn\u00e9es personnelles, nous prenons toutes les mesures raisonnables pour nous assurer de l&rsquo;exactitude et de la pertinence de vos donn\u00e9es conform\u00e9ment aux finalit\u00e9s pour lesquelles nous les collectons. Vous disposez d&rsquo;un droit d&rsquo;opposition au traitement de vos Donn\u00e9es personnelles pour des raisons l\u00e9gitimes, c&rsquo;est-\u00e0-dire si ce traitement n&rsquo;est pas raisonnablement n\u00e9cessaire \u00e0 la poursuite de notre int\u00e9r\u00eat l\u00e9gitime tel que d\u00e9crit dans la pr\u00e9sente Politique, ou au respect de la loi. En cas de prospection y compris par voie \u00e9lectronique, nous vous fournirons les moyens vous permettant de vous opposer \u00e0 recevoir des informations ou d&rsquo;y consentir, conform\u00e9ment \u00e0 la loi. Si vous souhaitez savoir comment nous utilisons vos Donn\u00e9es personnelles, ou vous opposer au traitement de celles-ci, contactez-nous par e-mail \u00e0 l&rsquo;adresse suivante:\u00a0<a href=\"&quot;mailto:info@client.be\u201d\">info@client.be<\/a>\u00a0Dans ce cas, veuillez indiquer le nom du site Web sur lequel vous avez communiqu\u00e9 vos informations, ainsi que celles que vous souhaiteriez que nous corrigions, mettions \u00e0 jour ou supprimions, en vous identifiant de mani\u00e8re pr\u00e9cise. Les demandes de suppression de donn\u00e9es personnelles seront soumises aux obligations qui nous sont impos\u00e9es par la loi, notamment en mati\u00e8re de conservation ou d&rsquo;archivage des documents.<\/p>\n<h2>5. S\u00e9curit\u00e9 et confidentialit\u00e9<\/h2>\n<p>Pour assurer la s\u00e9curit\u00e9 et la confidentialit\u00e9 des Donn\u00e9es personnelles que nous recueillons en ligne, nous utilisons des r\u00e9seaux prot\u00e9g\u00e9s par des dispositifs standards tels que par pare-feu et mot de passe. Lors du traitement de vos Donn\u00e9es personnelles, nous prenons toutes les mesures raisonnables visant \u00e0 les prot\u00e9ger contre toute perte, utilisation d\u00e9tourn\u00e9e, acc\u00e8s non autoris\u00e9, divulgation, alt\u00e9ration ou destruction.<\/p>\n<h2>6. Cookies<\/h2>\n<p><b> Utilisation des cookies sur notre site<\/b><\/p>\n<p>Notre site web utilise des cookies afin d\u2019optimiser son fonctionnement et de collecter des statistiques li\u00e9es \u00e0 son utilisation (fr\u00e9quentation, pages vues\u2026).<\/p>\n<p><b> Qu&rsquo;est-ce qu&rsquo;un cookie?<\/b><\/p>\n<p>Un cookie est un petit fichier texte, \u00e9ventuellement chiffr\u00e9, sauvegard\u00e9 par un site web sur l\u2019ordinateur ou le terminal (smartphone, tablette\u2026) que vous utilisez pour le consulter. Ces cookies ont pour finalit\u00e9 d\u2019acc\u00e9l\u00e9rer et de personnaliser votre utilisation d\u2019un site au fur et \u00e0 mesure que vous le visitez et y retournez.<\/p>\n<p>Pour ce faire les cookies communiquent des informations entre votre navigateur web (Chrome, Firefox, Internet Explorer\u2026) et le serveur qui h\u00e9berge le site web, par exemple sur vos pr\u00e9f\u00e9rences d\u2019affichage du site (langue, taille des caract\u00e8res\u2026), votre historique de navigation, vos choix parmi les options propos\u00e9es par un site ou encore des donn\u00e9es d\u2019enregistrement.<\/p>\n<p><b> Quels cookies utilisons-nous sur le site ?<\/b><\/p>\n<ul>\n<li><b>Cookie fonctionnels :<br \/>\n<\/b>Ces cookies sont propres \u00e0 la plateforme de content management, qu\u2019on peut d\u00e9crire comme le \u00ab moteur \u00bb du site.\u00a0Ces cookies permettent de g\u00e9rer certaines fonctionnalit\u00e9s du site. Ils sont anonymes (aucune information collect\u00e9e ne permet de faire le lien avec votre identit\u00e9).\u00a0De plus, \u00e0 l\u2019exception du cookie fixant votre pr\u00e9f\u00e9rence linguistique, ils expirent \u00e0 la fermeture de votre navigateur. Ils sont donc effac\u00e9s de votre ordinateur ou terminal quand vous quittez ce logiciel.<\/li>\n<li><b>Cookies statistiques :<br \/>\n<\/b>Le site utilise les services de Google Analytics afin d\u2019analyser la fr\u00e9quentation et le comportement des utilisateurs de son site.\u00a0Les cookies statistiques permettent de conna\u00eetre par exemple le nombre de visiteurs, leur situation g\u00e9ographique, leur parcours sur le site (comment et par quelle page, ils y ont acc\u00e9d\u00e9, les pages qui ont suivi dans leur session et la page par laquelle ils ont quitt\u00e9 le site), le moment de la visite\u2026 Ces cookies sont anonymes et leur dur\u00e9e de vie peut aller jusqu\u2019\u00e0 2 ans.<\/li>\n<\/ul>\n<p><strong>Comment contr\u00f4ler les cookies ?<\/strong><\/p>\n<p>Vous pouvez contr\u00f4ler et\/ou supprimer des cookies comme vous le souhaitez \u00e0 l\u2019aide des param\u00e8tres de configuration de votre navigateur.\u00a0Vous avez la possibilit\u00e9 de supprimer tous les cookies d\u00e9j\u00e0 stock\u00e9s sur votre ordinateur et de configurer la plupart des navigateurs pour qu&rsquo;ils les bloquent. Toutefois, dans ce cas, vous devrez peut-\u00eatre indiquer vous-m\u00eames certaines pr\u00e9f\u00e9rences chaque fois que vous vous rendrez sur un site, et certains services et fonctionnalit\u00e9s risquent de ne pas \u00eatre accessibles.<\/p>\n<p><b> Pour en savoir plus sur les cookies, consultez :<\/b><\/p>\n<ul>\n<li><strong>Wikipedia <\/strong>: <a href=\"https:\/\/fr.wikipedia.org\/wiki\/Cookie_(informatique)\" target=\"_blank\" rel=\"noopener\">https:\/\/fr.wikipedia.org\/wiki\/Cookie_(informatique)<\/a><\/li>\n<li><strong>Spamsquad<\/strong> : <a href=\"https:\/\/www.spamsquad.be\/fr\/fiches\/fiche04.html?q=cookies\" target=\"_blank\" rel=\"noopener\">https:\/\/www.spamsquad.be\/fr\/fiches\/fiche04.html?q=cookies<\/a><\/li>\n<li><strong>AllAboutCookies.org<\/strong> : <a href=\"https:\/\/www.allaboutcookies.org\/fr\/\" target=\"_blank\" rel=\"noopener\">https:\/\/www.allaboutcookies.org\/fr\/<\/a><\/li>\n<\/ul>\n<p>&nbsp;<\/p>\n<h2>7. Informations personnelles et enfants<\/h2>\n<p>La plupart des services disponibles sur ce site s&rsquo;adressent \u00e0 des personnes \u00e2g\u00e9es de 18 ans ou plus. Nous ne collecterons, n&rsquo;utiliserons et ne divulguerons pas volontairement de Donn\u00e9es personnelles communiqu\u00e9es par un mineur de moins de 18 ans, sans obtenir le consentement pr\u00e9alable de son responsable l\u00e9gal (parent ou tuteur) via un contact direct hors ligne. Nous informerons ce responsable des cat\u00e9gories sp\u00e9cifiques de donn\u00e9es personnelles recueillies aupr\u00e8s de la personne mineure, et de la possibilit\u00e9 de s&rsquo;opposer \u00e0 la collecte, l&rsquo;utilisation ou la conservation de celles-ci. Nous respectons scrupuleusement les lois visant \u00e0 prot\u00e9ger les enfants.<\/p>\n<h2>8. Liens vers d&rsquo;autres sites<\/h2>\n<p>La pr\u00e9sente Politique de protection des donn\u00e9es s&rsquo;applique uniquement \u00e0 ce site, et non pas aux sites Web d\u00e9tenus par des tiers. Nous donnons parfois des liens vers d&rsquo;autres sites Web que nous jugeons susceptibles d&rsquo;int\u00e9resser nos visiteurs. Nous nous assurons dans ce cas que ces sites satisfont aux crit\u00e8res les plus \u00e9lev\u00e9s. Cependant du fait de la nature m\u00eame d&rsquo;Internet, nous ne pouvons garantir les r\u00e8gles de confidentialit\u00e9 et de protection des donn\u00e9es personnelles des sites Web pour lesquels nous fournissons un lien d&rsquo;acc\u00e8s et ne pouvons \u00eatre tenus responsables du contenu de sites autres que celui-ci, la pr\u00e9sente Politique n&rsquo;\u00e9tant pas applicable aux sites tiers.<\/p>\n<h2>9. Comment nous contacter ?<\/h2>\n<p>Si vous avez des questions ou des r\u00e9clamations concernant notre conformit\u00e9 \u00e0 la pr\u00e9sente Politique de confidentialit\u00e9 des donn\u00e9es, ou si vous souhaitez nous faire part de recommandations ou des commentaires visant \u00e0 am\u00e9liorer sa qualit\u00e9, contactez-nous par e-mail \u00e0 l&rsquo;adresse suivante :\u00a0<a href=\"mailto:hello@savoirfaire.digital\">hello@savoirfaire.digital<\/a>.<\/p>\n<p><em>Cette page a \u00e9t\u00e9 mise \u00e0 jour le 24 juillet 2024.<\/em><\/p>\n<p>&nbsp;<\/p>\n","protected":false},"excerpt":{"rendered":"<p>La pr\u00e9sente Politique de protection des donn\u00e9es personnelles d\u00e9crit les m\u00e9thodes que nous, Savoir Faire Digital, utilisons pour recueillir, g\u00e9rer et utiliser les informations sur les visiteurs de notre site Web. 1. Garanties sur la confidentialit\u00e9 des donn\u00e9es Le terme \u00ab\u00a0Donn\u00e9es personnelles\u00a0\u00bb, tel qu&rsquo;il est utilis\u00e9 dans la pr\u00e9sente Politique, fait r\u00e9f\u00e9rence aux informations telles [&hellip;]<\/p>\n","protected":false},"author":2,"featured_media":0,"parent":0,"menu_order":999,"comment_status":"closed","ping_status":"closed","template":"","meta":{"_acf_changed":false,"footnotes":""},"class_list":["post-3918","page","type-page","status-publish","hentry"],"acf":[],"_links":{"self":[{"href":"https:\/\/savoirfaire.digital\/fr\/wp-json\/wp\/v2\/pages\/3918","targetHints":{"allow":["GET"]}}],"collection":[{"href":"https:\/\/savoirfaire.digital\/fr\/wp-json\/wp\/v2\/pages"}],"about":[{"href":"https:\/\/savoirfaire.digital\/fr\/wp-json\/wp\/v2\/types\/page"}],"author":[{"embeddable":true,"href":"https:\/\/savoirfaire.digital\/fr\/wp-json\/wp\/v2\/users\/2"}],"replies":[{"embeddable":true,"href":"https:\/\/savoirfaire.digital\/fr\/wp-json\/wp\/v2\/comments?post=3918"}],"version-history":[{"count":0,"href":"https:\/\/savoirfaire.digital\/fr\/wp-json\/wp\/v2\/pages\/3918\/revisions"}],"wp:attachment":[{"href":"https:\/\/savoirfaire.digital\/fr\/wp-json\/wp\/v2\/media?parent=3918"}],"curies":[{"name":"wp","href":"https:\/\/api.w.org\/{rel}","templated":true}]}}